{"id":3657,"date":"2022-11-25T14:48:41","date_gmt":"2022-11-25T21:48:41","guid":{"rendered":"https:\/\/canadianoutdooracademy.ca\/a-propos-de-coa\/"},"modified":"2024-03-04T20:57:09","modified_gmt":"2024-03-05T03:57:09","slug":"a-propos-de-coa","status":"publish","type":"page","link":"https:\/\/canadianoutdooracademy.ca\/fr\/a-propos-de-coa\/","title":{"rendered":"\u00c0 Propos de COA"},"content":{"rendered":"\t\t<div data-elementor-type=\"wp-page\" data-elementor-id=\"3657\" class=\"elementor elementor-3657 elementor-108\" data-elementor-post-type=\"page\">\n\t\t\t\t\t\t<section class=\"elementor-section elementor-top-section elementor-element elementor-element-bc085c3 elementor-section-boxed elementor-section-height-default elementor-section-height-default\" data-id=\"bc085c3\" data-element_type=\"section\" data-e-type=\"section\">\n\t\t\t\t\t\t<div class=\"elementor-container elementor-column-gap-default\">\n\t\t\t\t\t<div class=\"elementor-column elementor-col-100 elementor-top-column elementor-element elementor-element-2ab5293\" data-id=\"2ab5293\" data-element_type=\"column\" data-e-type=\"column\">\n\t\t\t<div class=\"elementor-widget-wrap elementor-element-populated\">\n\t\t\t\t\t\t<div class=\"elementor-element elementor-element-ba09cfb elementor-widget elementor-widget-text-editor\" data-id=\"ba09cfb\" data-element_type=\"widget\" data-e-type=\"widget\" data-widget_type=\"text-editor.default\">\n\t\t\t\t<div class=\"elementor-widget-container\">\n\t\t\t\t\t\t\t\t\t<p>La Canadian Outdoor Academy (COA) a \u00e9t\u00e9 cr\u00e9\u00e9e pour offrir des solutions aux d\u00e9fis li\u00e9s \u00e0 la formation et \u00e0 l&#8217;emploi dans l&rsquo;industrie du tourisme d\u2019aventure et plein air du Yukon. COA propose des services de formation sp\u00e9cifiques aux guides ainsi que des cours de secourisme en milieu sauvage en partenariat avec <a href=\"https:\/\/www.wildmed.com\/\" target=\"_blank\" rel=\"noopener\">Wilderness Medical Associates International<\/a>. Tous les cours s&rsquo;adressent aux professionnels qui souhaitent am\u00e9liorer leurs comp\u00e9tences, ainsi qu&rsquo;aux nouveaux venus qui souhaitent entamer une carri\u00e8re dans le tourisme. COA travaille en \u00e9troite collaboration avec des partenaires et des prestataires de services locaux. Notre mission est de fournir aux op\u00e9rateurs de tourisme du Yukon des employ\u00e9s qualifi\u00e9s.<\/p>\n<p>L&rsquo;objectif est de cr\u00e9er un impact positif dans et pour l&rsquo;industrie du tourisme et d&rsquo;all\u00e9ger la pression li\u00e9e au recrutement pour les entreprises locales de tourisme d\u2019aventure. Ultimement, l&rsquo;objectif est de contribuer \u00e0 l\u2019am\u00e9lioration des normes de l&rsquo;industrie au Yukon.<\/p>\n<p>Outre son r\u00f4le de prestataire de formation, la Canadian Outdoor Academy fait le lien entre les guides et les employeurs du secteur du tourisme en facilitant le placement de ses \u00e9tudiants. L&rsquo;exploitation d&rsquo;une entreprise touristique est un grand d\u00e9fi en soi. COA peut fournir des solutions de formation et des ressources en mati\u00e8re d&#8217;emploi aux op\u00e9rateurs de tout le Yukon et ailleurs au pays.<\/p>\t\t\t\t\t\t\t\t<\/div>\n\t\t\t\t<\/div>\n\t\t\t\t\t<\/div>\n\t\t<\/div>\n\t\t\t\t\t<\/div>\n\t\t<\/section>\n\t\t\t\t<\/div>\n\t\t","protected":false},"excerpt":{"rendered":"<p>La Canadian Outdoor Academy (COA) a \u00e9t\u00e9 cr\u00e9\u00e9e pour offrir des solutions aux d\u00e9fis li\u00e9s \u00e0 la formation et \u00e0 l&#8217;emploi dans l&rsquo;industrie du tourisme d\u2019aventure et plein air du Yukon. COA propose des services de formation sp\u00e9cifiques aux guides ainsi que des cours de secourisme en milieu sauvage en partenariat avec Wilderness Medical Associates&hellip;<\/p>\n","protected":false},"author":1,"featured_media":3532,"parent":0,"menu_order":9,"comment_status":"closed","ping_status":"closed","template":"","meta":{"footnotes":""},"class_list":["post-3657","page","type-page","status-publish","has-post-thumbnail","hentry"],"_links":{"self":[{"href":"https:\/\/canadianoutdooracademy.ca\/fr\/wp-json\/wp\/v2\/pages\/3657","targetHints":{"allow":["GET"]}}],"collection":[{"href":"https:\/\/canadianoutdooracademy.ca\/fr\/wp-json\/wp\/v2\/pages"}],"about":[{"href":"https:\/\/canadianoutdooracademy.ca\/fr\/wp-json\/wp\/v2\/types\/page"}],"author":[{"embeddable":true,"href":"https:\/\/canadianoutdooracademy.ca\/fr\/wp-json\/wp\/v2\/users\/1"}],"replies":[{"embeddable":true,"href":"https:\/\/canadianoutdooracademy.ca\/fr\/wp-json\/wp\/v2\/comments?post=3657"}],"version-history":[{"count":5,"href":"https:\/\/canadianoutdooracademy.ca\/fr\/wp-json\/wp\/v2\/pages\/3657\/revisions"}],"predecessor-version":[{"id":3718,"href":"https:\/\/canadianoutdooracademy.ca\/fr\/wp-json\/wp\/v2\/pages\/3657\/revisions\/3718"}],"wp:featuredmedia":[{"embeddable":true,"href":"https:\/\/canadianoutdooracademy.ca\/fr\/wp-json\/wp\/v2\/media\/3532"}],"wp:attachment":[{"href":"https:\/\/canadianoutdooracademy.ca\/fr\/wp-json\/wp\/v2\/media?parent=3657"}],"curies":[{"name":"wp","href":"https:\/\/api.w.org\/{rel}","templated":true}]}}